{"id":2559,"date":"2025-01-16T15:51:27","date_gmt":"2025-01-16T15:51:27","guid":{"rendered":"https:\/\/aceitescoca.com\/?post_type=product&#038;p=2559"},"modified":"2025-12-16T10:15:48","modified_gmt":"2025-12-16T10:15:48","slug":"aceite-virgen-extra-var-arberquina-pet-2l-campana-24-25-caja-de-8-botellas","status":"publish","type":"product","link":"https:\/\/aceitescoca.com\/en\/product\/aceite-virgen-extra-var-arberquina-pet-2l-campana-24-25-caja-de-8-botellas\/","title":{"rendered":"Aceite Virgen Extra (Var. Arberquina) Pet 2L. campa\u00f1a 24\/25 (Caja de 8 botellas)"},"content":{"rendered":"<p>Aceite de Oliva Virgen Extra obtenido de nuestra variedad arberquina.<\/p>","protected":false},"excerpt":{"rendered":"<p>Aceite de Oliva Virgen Extra obtenido de nuestra variedad arberquina.<\/p>","protected":false},"featured_media":2560,"comment_status":"open","ping_status":"closed","template":"","meta":{"_et_pb_use_builder":"","_et_pb_old_content":"","_et_gb_content_width":""},"product_brand":[],"product_cat":[26],"product_tag":[],"class_list":{"0":"post-2559","1":"product","2":"type-product","3":"status-publish","4":"has-post-thumbnail","6":"product_cat-aove","8":"first","9":"outofstock","10":"shipping-taxable","11":"purchasable","12":"product-type-simple"},"yoast_head":"<!-- This site is optimized with the Yoast SEO plugin v27.0 - https:\/\/yoast.com\/product\/yoast-seo-wordpress\/ -->\n<title>Aceite Virgen Extra (Var. Arberquina) Pet 2L. campa\u00f1a 24\/25 (Caja de 8 botellas) - Aceite de Oliva en C\u00f3rdoba<\/title>\n<meta name=\"description\" content=\"Aceite virgen extra de m\u00e1xima calidad de variedad alberquina, directamnete de nuestras fincas propias en Ja\u00e9n\" \/>\n<meta name=\"robots\" content=\"index, follow, max-snippet:-1, max-image-preview:large, max-video-preview:-1\" \/>\n<link rel=\"canonical\" href=\"https:\/\/aceitescoca.com\/en\/product\/aceite-virgen-extra-var-arberquina-pet-2l-campana-24-25-caja-de-8-botellas\/\" \/>\n<meta property=\"og:locale\" content=\"en_GB\" \/>\n<meta property=\"og:type\" content=\"article\" \/>\n<meta property=\"og:title\" content=\"Aceite Virgen Extra (Var. Arberquina) Pet 2L. campa\u00f1a 24\/25 (Caja de 8 botellas) - Aceite de Oliva en C\u00f3rdoba\" \/>\n<meta property=\"og:description\" content=\"Aceite virgen extra de m\u00e1xima calidad de variedad alberquina, directamnete de nuestras fincas propias en Ja\u00e9n\" \/>\n<meta property=\"og:url\" content=\"https:\/\/aceitescoca.com\/en\/product\/aceite-virgen-extra-var-arberquina-pet-2l-campana-24-25-caja-de-8-botellas\/\" \/>\n<meta property=\"og:site_name\" content=\"Aceite de Oliva en C\u00f3rdoba\" \/>\n<meta property=\"article:modified_time\" content=\"2025-12-16T10:15:48+00:00\" \/>\n<meta property=\"og:image\" content=\"https:\/\/aceitescoca.com\/wp-content\/uploads\/2025\/01\/arbequina-2L-scaled.jpg\" \/>\n\t<meta property=\"og:image:width\" content=\"2560\" \/>\n\t<meta property=\"og:image:height\" content=\"2245\" \/>\n\t<meta property=\"og:image:type\" content=\"image\/jpeg\" \/>\n<meta name=\"twitter:card\" content=\"summary_large_image\" \/>\n<meta name=\"twitter:label1\" content=\"Estimated reading time\" \/>\n\t<meta name=\"twitter:data1\" content=\"1 minute\" \/>\n<script type=\"application\/ld+json\" class=\"yoast-schema-graph\">{\"@context\":\"https:\/\/schema.org\",\"@graph\":[{\"@type\":\"WebPage\",\"@id\":\"https:\/\/aceitescoca.com\/producto\/aceite-virgen-extra-var-arberquina-pet-2l-campana-24-25-caja-de-8-botellas\/\",\"url\":\"https:\/\/aceitescoca.com\/producto\/aceite-virgen-extra-var-arberquina-pet-2l-campana-24-25-caja-de-8-botellas\/\",\"name\":\"Aceite Virgen Extra (Var. Arberquina) Pet 2L. campa\u00f1a 24\/25 (Caja de 8 botellas) - Aceite de Oliva en C\u00f3rdoba\",\"isPartOf\":{\"@id\":\"https:\/\/aceitescoca.com\/#website\"},\"primaryImageOfPage\":{\"@id\":\"https:\/\/aceitescoca.com\/producto\/aceite-virgen-extra-var-arberquina-pet-2l-campana-24-25-caja-de-8-botellas\/#primaryimage\"},\"image\":{\"@id\":\"https:\/\/aceitescoca.com\/producto\/aceite-virgen-extra-var-arberquina-pet-2l-campana-24-25-caja-de-8-botellas\/#primaryimage\"},\"thumbnailUrl\":\"https:\/\/aceitescoca.com\/wp-content\/uploads\/2025\/01\/arbequina-2L-scaled.jpg\",\"datePublished\":\"2025-01-16T15:51:27+00:00\",\"dateModified\":\"2025-12-16T10:15:48+00:00\",\"description\":\"Aceite virgen extra de m\u00e1xima calidad de variedad alberquina, directamnete de nuestras fincas propias en Ja\u00e9n\",\"breadcrumb\":{\"@id\":\"https:\/\/aceitescoca.com\/producto\/aceite-virgen-extra-var-arberquina-pet-2l-campana-24-25-caja-de-8-botellas\/#breadcrumb\"},\"inLanguage\":\"en-GB\",\"potentialAction\":[{\"@type\":\"ReadAction\",\"target\":[\"https:\/\/aceitescoca.com\/producto\/aceite-virgen-extra-var-arberquina-pet-2l-campana-24-25-caja-de-8-botellas\/\"]}]},{\"@type\":\"ImageObject\",\"inLanguage\":\"en-GB\",\"@id\":\"https:\/\/aceitescoca.com\/producto\/aceite-virgen-extra-var-arberquina-pet-2l-campana-24-25-caja-de-8-botellas\/#primaryimage\",\"url\":\"https:\/\/aceitescoca.com\/wp-content\/uploads\/2025\/01\/arbequina-2L-scaled.jpg\",\"contentUrl\":\"https:\/\/aceitescoca.com\/wp-content\/uploads\/2025\/01\/arbequina-2L-scaled.jpg\",\"width\":2560,\"height\":2245},{\"@type\":\"BreadcrumbList\",\"@id\":\"https:\/\/aceitescoca.com\/producto\/aceite-virgen-extra-var-arberquina-pet-2l-campana-24-25-caja-de-8-botellas\/#breadcrumb\",\"itemListElement\":[{\"@type\":\"ListItem\",\"position\":1,\"name\":\"Portada\",\"item\":\"https:\/\/aceitescoca.com\/\"},{\"@type\":\"ListItem\",\"position\":2,\"name\":\"Productos\",\"item\":\"https:\/\/aceitescoca.com\/tienda\/\"},{\"@type\":\"ListItem\",\"position\":3,\"name\":\"Aceite Virgen Extra (Var. Arberquina) Pet 2L. campa\u00f1a 24\/25 (Caja de 8 botellas)\"}]},{\"@type\":\"WebSite\",\"@id\":\"https:\/\/aceitescoca.com\/#website\",\"url\":\"https:\/\/aceitescoca.com\/\",\"name\":\"Aceite de Oliva en C\u00f3rdoba\",\"description\":\"Aceite Virgen Extra en C\u00f3rdoba\",\"potentialAction\":[{\"@type\":\"SearchAction\",\"target\":{\"@type\":\"EntryPoint\",\"urlTemplate\":\"https:\/\/aceitescoca.com\/?s={search_term_string}\"},\"query-input\":{\"@type\":\"PropertyValueSpecification\",\"valueRequired\":true,\"valueName\":\"search_term_string\"}}],\"inLanguage\":\"en-GB\"}]}<\/script>\n<!-- \/ Yoast SEO plugin. -->","yoast_head_json":{"title":"Aceite Virgen Extra (Var. Arberquina) Pet 2L. campa\u00f1a 24\/25 (Caja de 8 botellas) - Aceite de Oliva en C\u00f3rdoba","description":"Aceite virgen extra de m\u00e1xima calidad de variedad alberquina, directamnete de nuestras fincas propias en Ja\u00e9n","robots":{"index":"index","follow":"follow","max-snippet":"max-snippet:-1","max-image-preview":"max-image-preview:large","max-video-preview":"max-video-preview:-1"},"canonical":"https:\/\/aceitescoca.com\/en\/product\/aceite-virgen-extra-var-arberquina-pet-2l-campana-24-25-caja-de-8-botellas\/","og_locale":"en_GB","og_type":"article","og_title":"Aceite Virgen Extra (Var. Arberquina) Pet 2L. campa\u00f1a 24\/25 (Caja de 8 botellas) - Aceite de Oliva en C\u00f3rdoba","og_description":"Aceite virgen extra de m\u00e1xima calidad de variedad alberquina, directamnete de nuestras fincas propias en Ja\u00e9n","og_url":"https:\/\/aceitescoca.com\/en\/product\/aceite-virgen-extra-var-arberquina-pet-2l-campana-24-25-caja-de-8-botellas\/","og_site_name":"Aceite de Oliva en C\u00f3rdoba","article_modified_time":"2025-12-16T10:15:48+00:00","og_image":[{"width":2560,"height":2245,"url":"https:\/\/aceitescoca.com\/wp-content\/uploads\/2025\/01\/arbequina-2L-scaled.jpg","type":"image\/jpeg"}],"twitter_card":"summary_large_image","twitter_misc":{"Estimated reading time":"1 minute"},"schema":{"@context":"https:\/\/schema.org","@graph":[{"@type":"WebPage","@id":"https:\/\/aceitescoca.com\/producto\/aceite-virgen-extra-var-arberquina-pet-2l-campana-24-25-caja-de-8-botellas\/","url":"https:\/\/aceitescoca.com\/producto\/aceite-virgen-extra-var-arberquina-pet-2l-campana-24-25-caja-de-8-botellas\/","name":"Aceite Virgen Extra (Var. Arberquina) Pet 2L. campa\u00f1a 24\/25 (Caja de 8 botellas) - Aceite de Oliva en C\u00f3rdoba","isPartOf":{"@id":"https:\/\/aceitescoca.com\/#website"},"primaryImageOfPage":{"@id":"https:\/\/aceitescoca.com\/producto\/aceite-virgen-extra-var-arberquina-pet-2l-campana-24-25-caja-de-8-botellas\/#primaryimage"},"image":{"@id":"https:\/\/aceitescoca.com\/producto\/aceite-virgen-extra-var-arberquina-pet-2l-campana-24-25-caja-de-8-botellas\/#primaryimage"},"thumbnailUrl":"https:\/\/aceitescoca.com\/wp-content\/uploads\/2025\/01\/arbequina-2L-scaled.jpg","datePublished":"2025-01-16T15:51:27+00:00","dateModified":"2025-12-16T10:15:48+00:00","description":"Aceite virgen extra de m\u00e1xima calidad de variedad alberquina, directamnete de nuestras fincas propias en Ja\u00e9n","breadcrumb":{"@id":"https:\/\/aceitescoca.com\/producto\/aceite-virgen-extra-var-arberquina-pet-2l-campana-24-25-caja-de-8-botellas\/#breadcrumb"},"inLanguage":"en-GB","potentialAction":[{"@type":"ReadAction","target":["https:\/\/aceitescoca.com\/producto\/aceite-virgen-extra-var-arberquina-pet-2l-campana-24-25-caja-de-8-botellas\/"]}]},{"@type":"ImageObject","inLanguage":"en-GB","@id":"https:\/\/aceitescoca.com\/producto\/aceite-virgen-extra-var-arberquina-pet-2l-campana-24-25-caja-de-8-botellas\/#primaryimage","url":"https:\/\/aceitescoca.com\/wp-content\/uploads\/2025\/01\/arbequina-2L-scaled.jpg","contentUrl":"https:\/\/aceitescoca.com\/wp-content\/uploads\/2025\/01\/arbequina-2L-scaled.jpg","width":2560,"height":2245},{"@type":"BreadcrumbList","@id":"https:\/\/aceitescoca.com\/producto\/aceite-virgen-extra-var-arberquina-pet-2l-campana-24-25-caja-de-8-botellas\/#breadcrumb","itemListElement":[{"@type":"ListItem","position":1,"name":"Portada","item":"https:\/\/aceitescoca.com\/"},{"@type":"ListItem","position":2,"name":"Productos","item":"https:\/\/aceitescoca.com\/tienda\/"},{"@type":"ListItem","position":3,"name":"Aceite Virgen Extra (Var. Arberquina) Pet 2L. campa\u00f1a 24\/25 (Caja de 8 botellas)"}]},{"@type":"WebSite","@id":"https:\/\/aceitescoca.com\/#website","url":"https:\/\/aceitescoca.com\/","name":"Aceite de Oliva en C\u00f3rdoba","description":"Aceite Virgen Extra en C\u00f3rdoba","potentialAction":[{"@type":"SearchAction","target":{"@type":"EntryPoint","urlTemplate":"https:\/\/aceitescoca.com\/?s={search_term_string}"},"query-input":{"@type":"PropertyValueSpecification","valueRequired":true,"valueName":"search_term_string"}}],"inLanguage":"en-GB"}]}},"_links":{"self":[{"href":"https:\/\/aceitescoca.com\/en\/wp-json\/wp\/v2\/product\/2559","targetHints":{"allow":["GET"]}}],"collection":[{"href":"https:\/\/aceitescoca.com\/en\/wp-json\/wp\/v2\/product"}],"about":[{"href":"https:\/\/aceitescoca.com\/en\/wp-json\/wp\/v2\/types\/product"}],"replies":[{"embeddable":true,"href":"https:\/\/aceitescoca.com\/en\/wp-json\/wp\/v2\/comments?post=2559"}],"wp:featuredmedia":[{"embeddable":true,"href":"https:\/\/aceitescoca.com\/en\/wp-json\/wp\/v2\/media\/2560"}],"wp:attachment":[{"href":"https:\/\/aceitescoca.com\/en\/wp-json\/wp\/v2\/media?parent=2559"}],"wp:term":[{"taxonomy":"product_brand","embeddable":true,"href":"https:\/\/aceitescoca.com\/en\/wp-json\/wp\/v2\/product_brand?post=2559"},{"taxonomy":"product_cat","embeddable":true,"href":"https:\/\/aceitescoca.com\/en\/wp-json\/wp\/v2\/product_cat?post=2559"},{"taxonomy":"product_tag","embeddable":true,"href":"https:\/\/aceitescoca.com\/en\/wp-json\/wp\/v2\/product_tag?post=2559"}],"curies":[{"name":"wp","href":"https:\/\/api.w.org\/{rel}","templated":true}]}}