{"id":7,"date":"2021-01-08T07:04:43","date_gmt":"2021-01-08T07:04:43","guid":{"rendered":"https:\/\/aceitescoca.creatiapublicidad.es\/?page_id=7"},"modified":"2023-01-27T09:49:57","modified_gmt":"2023-01-27T09:49:57","slug":"compra","status":"publish","type":"page","link":"https:\/\/aceitescoca.com\/en\/compra\/","title":{"rendered":"Carrito"},"content":{"rendered":"","protected":false},"excerpt":{"rendered":"","protected":false},"author":1,"featured_media":0,"parent":0,"menu_order":0,"comment_status":"closed","ping_status":"closed","template":"","meta":{"_et_pb_use_builder":"","_et_pb_old_content":"","_et_gb_content_width":"","footnotes":""},"class_list":["post-7","page","type-page","status-publish","hentry"],"yoast_head":"<!-- This site is optimized with the Yoast SEO plugin v27.0 - https:\/\/yoast.com\/product\/yoast-seo-wordpress\/ -->\n<title>Carrito - Aceite de Oliva en C\u00f3rdoba<\/title>\n<meta name=\"description\" content=\"Descubre un aceite \u00fanico elaborado con la mejor selecci\u00f3n de aceitunas de nuestros propios olivos centenarios.\" \/>\n<meta name=\"robots\" content=\"index, follow, max-snippet:-1, max-image-preview:large, max-video-preview:-1\" \/>\n<link rel=\"canonical\" href=\"https:\/\/aceitescoca.com\/en\/compra\/\" \/>\n<meta property=\"og:locale\" content=\"en_GB\" \/>\n<meta property=\"og:type\" content=\"article\" \/>\n<meta property=\"og:title\" content=\"Carrito - Aceite de Oliva en C\u00f3rdoba\" \/>\n<meta property=\"og:description\" content=\"Descubre un aceite \u00fanico elaborado con la mejor selecci\u00f3n de aceitunas de nuestros propios olivos centenarios.\" \/>\n<meta property=\"og:url\" content=\"https:\/\/aceitescoca.com\/en\/compra\/\" \/>\n<meta property=\"og:site_name\" content=\"Aceite de Oliva en C\u00f3rdoba\" \/>\n<meta property=\"article:modified_time\" content=\"2023-01-27T09:49:57+00:00\" \/>\n<meta name=\"twitter:card\" content=\"summary_large_image\" \/>\n<meta name=\"twitter:label1\" content=\"Estimated reading time\" \/>\n\t<meta name=\"twitter:data1\" content=\"1 minute\" \/>\n<script type=\"application\/ld+json\" class=\"yoast-schema-graph\">{\"@context\":\"https:\/\/schema.org\",\"@graph\":[{\"@type\":\"WebPage\",\"@id\":\"https:\/\/aceitescoca.com\/compra\/\",\"url\":\"https:\/\/aceitescoca.com\/compra\/\",\"name\":\"Carrito - Aceite de Oliva en C\u00f3rdoba\",\"isPartOf\":{\"@id\":\"https:\/\/aceitescoca.com\/#website\"},\"datePublished\":\"2021-01-08T07:04:43+00:00\",\"dateModified\":\"2023-01-27T09:49:57+00:00\",\"description\":\"Descubre un aceite \u00fanico elaborado con la mejor selecci\u00f3n de aceitunas de nuestros propios olivos centenarios.\",\"breadcrumb\":{\"@id\":\"https:\/\/aceitescoca.com\/compra\/#breadcrumb\"},\"inLanguage\":\"en-GB\",\"potentialAction\":[{\"@type\":\"ReadAction\",\"target\":[\"https:\/\/aceitescoca.com\/compra\/\"]}]},{\"@type\":\"BreadcrumbList\",\"@id\":\"https:\/\/aceitescoca.com\/compra\/#breadcrumb\",\"itemListElement\":[{\"@type\":\"ListItem\",\"position\":1,\"name\":\"Portada\",\"item\":\"https:\/\/aceitescoca.com\/\"},{\"@type\":\"ListItem\",\"position\":2,\"name\":\"Carrito\"}]},{\"@type\":\"WebSite\",\"@id\":\"https:\/\/aceitescoca.com\/#website\",\"url\":\"https:\/\/aceitescoca.com\/\",\"name\":\"Aceite de Oliva en C\u00f3rdoba\",\"description\":\"Aceite Virgen Extra en C\u00f3rdoba\",\"potentialAction\":[{\"@type\":\"SearchAction\",\"target\":{\"@type\":\"EntryPoint\",\"urlTemplate\":\"https:\/\/aceitescoca.com\/?s={search_term_string}\"},\"query-input\":{\"@type\":\"PropertyValueSpecification\",\"valueRequired\":true,\"valueName\":\"search_term_string\"}}],\"inLanguage\":\"en-GB\"}]}<\/script>\n<!-- \/ Yoast SEO plugin. -->","yoast_head_json":{"title":"Carrito - Aceite de Oliva en C\u00f3rdoba","description":"Descubre un aceite \u00fanico elaborado con la mejor selecci\u00f3n de aceitunas de nuestros propios olivos centenarios.","robots":{"index":"index","follow":"follow","max-snippet":"max-snippet:-1","max-image-preview":"max-image-preview:large","max-video-preview":"max-video-preview:-1"},"canonical":"https:\/\/aceitescoca.com\/en\/compra\/","og_locale":"en_GB","og_type":"article","og_title":"Carrito - Aceite de Oliva en C\u00f3rdoba","og_description":"Descubre un aceite \u00fanico elaborado con la mejor selecci\u00f3n de aceitunas de nuestros propios olivos centenarios.","og_url":"https:\/\/aceitescoca.com\/en\/compra\/","og_site_name":"Aceite de Oliva en C\u00f3rdoba","article_modified_time":"2023-01-27T09:49:57+00:00","twitter_card":"summary_large_image","twitter_misc":{"Estimated reading time":"1 minute"},"schema":{"@context":"https:\/\/schema.org","@graph":[{"@type":"WebPage","@id":"https:\/\/aceitescoca.com\/compra\/","url":"https:\/\/aceitescoca.com\/compra\/","name":"Carrito - Aceite de Oliva en C\u00f3rdoba","isPartOf":{"@id":"https:\/\/aceitescoca.com\/#website"},"datePublished":"2021-01-08T07:04:43+00:00","dateModified":"2023-01-27T09:49:57+00:00","description":"Descubre un aceite \u00fanico elaborado con la mejor selecci\u00f3n de aceitunas de nuestros propios olivos centenarios.","breadcrumb":{"@id":"https:\/\/aceitescoca.com\/compra\/#breadcrumb"},"inLanguage":"en-GB","potentialAction":[{"@type":"ReadAction","target":["https:\/\/aceitescoca.com\/compra\/"]}]},{"@type":"BreadcrumbList","@id":"https:\/\/aceitescoca.com\/compra\/#breadcrumb","itemListElement":[{"@type":"ListItem","position":1,"name":"Portada","item":"https:\/\/aceitescoca.com\/"},{"@type":"ListItem","position":2,"name":"Carrito"}]},{"@type":"WebSite","@id":"https:\/\/aceitescoca.com\/#website","url":"https:\/\/aceitescoca.com\/","name":"Aceite de Oliva en C\u00f3rdoba","description":"Aceite Virgen Extra en C\u00f3rdoba","potentialAction":[{"@type":"SearchAction","target":{"@type":"EntryPoint","urlTemplate":"https:\/\/aceitescoca.com\/?s={search_term_string}"},"query-input":{"@type":"PropertyValueSpecification","valueRequired":true,"valueName":"search_term_string"}}],"inLanguage":"en-GB"}]}},"_links":{"self":[{"href":"https:\/\/aceitescoca.com\/en\/wp-json\/wp\/v2\/pages\/7","targetHints":{"allow":["GET"]}}],"collection":[{"href":"https:\/\/aceitescoca.com\/en\/wp-json\/wp\/v2\/pages"}],"about":[{"href":"https:\/\/aceitescoca.com\/en\/wp-json\/wp\/v2\/types\/page"}],"author":[{"embeddable":true,"href":"https:\/\/aceitescoca.com\/en\/wp-json\/wp\/v2\/users\/1"}],"replies":[{"embeddable":true,"href":"https:\/\/aceitescoca.com\/en\/wp-json\/wp\/v2\/comments?post=7"}],"version-history":[{"count":1,"href":"https:\/\/aceitescoca.com\/en\/wp-json\/wp\/v2\/pages\/7\/revisions"}],"predecessor-version":[{"id":1166,"href":"https:\/\/aceitescoca.com\/en\/wp-json\/wp\/v2\/pages\/7\/revisions\/1166"}],"wp:attachment":[{"href":"https:\/\/aceitescoca.com\/en\/wp-json\/wp\/v2\/media?parent=7"}],"curies":[{"name":"wp","href":"https:\/\/api.w.org\/{rel}","templated":true}]}}