{"id":40,"date":"2021-01-08T07:57:39","date_gmt":"2021-01-08T07:57:39","guid":{"rendered":"https:\/\/aceitescoca.creatiapublicidad.es\/?page_id=40"},"modified":"2023-10-22T16:39:45","modified_gmt":"2023-10-22T16:39:45","slug":"contacto","status":"publish","type":"page","link":"https:\/\/aceitescoca.com\/en\/contacto\/","title":{"rendered":"Contact"},"content":{"rendered":"<p>[et_pb_section fb_built=\u00bb1&#8243; next_background_color=\u00bb#ffffff\u00bb admin_label=\u00bbHeader\u00bb _builder_version=\u00bb4.16&#8243; background_color=\u00bb#8c9873&#8243; background_image=\u00bbhttps:\/\/aceitescoca.com\/wp-content\/uploads\/2023\/09\/herbal-remedy_65.png\u00bb background_size=\u00bbcontain\u00bb background_position=\u00bbtop_left\u00bb custom_margin=\u00bb||||false|false\u00bb custom_padding=\u00bb10vw||4vw||false|false\u00bb bottom_divider_style=\u00bbslant\u00bb bottom_divider_height=\u00bb39vw\u00bb bottom_divider_flip=\u00bbhorizontal\u00bb locked=\u00bboff\u00bb global_colors_info=\u00bb{}\u00bb][et_pb_row _builder_version=\u00bb4.16&#8243; global_colors_info=\u00bb{}\u00bb][et_pb_column type=\u00bb4_4&#8243; _builder_version=\u00bb4.16&#8243; global_colors_info=\u00bb{}\u00bb][et_pb_text _builder_version=\u00bb4.16&#8243; header_font=\u00bbMarcellus||||||||\u00bb header_text_color=\u00bb#3d4a41&#8243; header_font_size=\u00bb100px\u00bb header_line_height=\u00bb1.2em\u00bb text_orientation=\u00bbcenter\u00bb header_font_size_tablet=\u00bb40px\u00bb header_font_size_phone=\u00bb30px\u00bb header_font_size_last_edited=\u00bbon|phone\u00bb global_colors_info=\u00bb{}\u00bb]<\/p>\n<h1>Contacto<\/h1>\n<p>[\/et_pb_text][\/et_pb_column][\/et_pb_row][\/et_pb_section][et_pb_section fb_built=\u00bb1&#8243; admin_label=\u00bbContact\u00bb _builder_version=\u00bb4.16&#8243; custom_padding=\u00bb0px||53px|||\u00bb global_colors_info=\u00bb{}\u00bb][et_pb_row column_structure=\u00bb3_5,2_5&#8243; _builder_version=\u00bb4.16&#8243; global_colors_info=\u00bb{}\u00bb][et_pb_column type=\u00bb3_5&#8243; _builder_version=\u00bb4.16&#8243; global_colors_info=\u00bb{}\u00bb][et_pb_contact_form captcha=\u00bboff\u00bb module_id=\u00bbet_pb_contact_form_0&#8243; _builder_version=\u00bb4.22.1&#8243; form_field_background_color=\u00bbrgba(0,0,0,0)\u00bb form_field_custom_margin=\u00bb||25px||false|false\u00bb form_field_custom_padding=\u00bb20px|20px|20px|20px|true|true\u00bb form_field_font=\u00bbMarcellus|700||on|||||\u00bb form_field_font_size=\u00bb14px\u00bb form_field_letter_spacing=\u00bb2px\u00bb custom_button=\u00bbon\u00bb button_text_size=\u00bb16px\u00bb button_text_color=\u00bb#ffffff\u00bb button_bg_color=\u00bb#333333&#8243; button_border_width=\u00bb0px\u00bb button_border_color=\u00bb#3d4a41&#8243; button_border_radius=\u00bb0px\u00bb button_letter_spacing=\u00bb2px\u00bb button_font=\u00bbMarcellus|700||on|||||\u00bb button_custom_padding=\u00bb15px|30px|15px|30px|true|true\u00bb text_orientation=\u00bbleft\u00bb border_width_all=\u00bb2px\u00bb border_color_all=\u00bb#e1d6c2&#8243; locked=\u00bboff\u00bb global_colors_info=\u00bb{}\u00bb][et_pb_contact_field field_id=\u00bbNombre\u00bb field_title=\u00bbNombre\u00bb fullwidth_field=\u00bbon\u00bb _builder_version=\u00bb4.22.1&#8243; global_colors_info=\u00bb{}\u00bb button_text_size__hover_enabled=\u00bboff\u00bb button_one_text_size__hover_enabled=\u00bboff\u00bb button_two_text_size__hover_enabled=\u00bboff\u00bb button_text_color__hover_enabled=\u00bboff\u00bb button_one_text_color__hover_enabled=\u00bboff\u00bb button_two_text_color__hover_enabled=\u00bboff\u00bb button_border_width__hover_enabled=\u00bboff\u00bb button_one_border_width__hover_enabled=\u00bboff\u00bb button_two_border_width__hover_enabled=\u00bboff\u00bb button_border_color__hover_enabled=\u00bboff\u00bb button_one_border_color__hover_enabled=\u00bboff\u00bb button_two_border_color__hover_enabled=\u00bboff\u00bb button_border_radius__hover_enabled=\u00bboff\u00bb button_one_border_radius__hover_enabled=\u00bboff\u00bb button_two_border_radius__hover_enabled=\u00bboff\u00bb button_letter_spacing__hover_enabled=\u00bboff\u00bb button_one_letter_spacing__hover_enabled=\u00bboff\u00bb button_two_letter_spacing__hover_enabled=\u00bboff\u00bb button_bg_color__hover_enabled=\u00bboff\u00bb button_one_bg_color__hover_enabled=\u00bboff\u00bb button_two_bg_color__hover_enabled=\u00bboff\u00bb][\/et_pb_contact_field][et_pb_contact_field field_id=\u00bbEmail\u00bb field_title=\u00bbCorreo Electr\u00f3nico\u00bb field_type=\u00bbemail\u00bb fullwidth_field=\u00bbon\u00bb _builder_version=\u00bb4.22.1&#8243; global_colors_info=\u00bb{}\u00bb button_text_size__hover_enabled=\u00bboff\u00bb button_one_text_size__hover_enabled=\u00bboff\u00bb button_two_text_size__hover_enabled=\u00bboff\u00bb button_text_color__hover_enabled=\u00bboff\u00bb button_one_text_color__hover_enabled=\u00bboff\u00bb button_two_text_color__hover_enabled=\u00bboff\u00bb button_border_width__hover_enabled=\u00bboff\u00bb button_one_border_width__hover_enabled=\u00bboff\u00bb button_two_border_width__hover_enabled=\u00bboff\u00bb button_border_color__hover_enabled=\u00bboff\u00bb button_one_border_color__hover_enabled=\u00bboff\u00bb button_two_border_color__hover_enabled=\u00bboff\u00bb button_border_radius__hover_enabled=\u00bboff\u00bb button_one_border_radius__hover_enabled=\u00bboff\u00bb button_two_border_radius__hover_enabled=\u00bboff\u00bb button_letter_spacing__hover_enabled=\u00bboff\u00bb button_one_letter_spacing__hover_enabled=\u00bboff\u00bb button_two_letter_spacing__hover_enabled=\u00bboff\u00bb button_bg_color__hover_enabled=\u00bboff\u00bb button_one_bg_color__hover_enabled=\u00bboff\u00bb button_two_bg_color__hover_enabled=\u00bboff\u00bb][\/et_pb_contact_field][et_pb_contact_field field_id=\u00bbMensaje\u00bb field_title=\u00bbMensaje\u00bb field_type=\u00bbtext\u00bb fullwidth_field=\u00bbon\u00bb _builder_version=\u00bb4.22.1&#8243; global_colors_info=\u00bb{}\u00bb button_text_size__hover_enabled=\u00bboff\u00bb button_one_text_size__hover_enabled=\u00bboff\u00bb button_two_text_size__hover_enabled=\u00bboff\u00bb button_text_color__hover_enabled=\u00bboff\u00bb button_one_text_color__hover_enabled=\u00bboff\u00bb button_two_text_color__hover_enabled=\u00bboff\u00bb button_border_width__hover_enabled=\u00bboff\u00bb button_one_border_width__hover_enabled=\u00bboff\u00bb button_two_border_width__hover_enabled=\u00bboff\u00bb button_border_color__hover_enabled=\u00bboff\u00bb button_one_border_color__hover_enabled=\u00bboff\u00bb button_two_border_color__hover_enabled=\u00bboff\u00bb button_border_radius__hover_enabled=\u00bboff\u00bb button_one_border_radius__hover_enabled=\u00bboff\u00bb button_two_border_radius__hover_enabled=\u00bboff\u00bb button_letter_spacing__hover_enabled=\u00bboff\u00bb button_one_letter_spacing__hover_enabled=\u00bboff\u00bb button_two_letter_spacing__hover_enabled=\u00bboff\u00bb button_bg_color__hover_enabled=\u00bboff\u00bb button_one_bg_color__hover_enabled=\u00bboff\u00bb button_two_bg_color__hover_enabled=\u00bboff\u00bb][\/et_pb_contact_field][\/et_pb_contact_form][\/et_pb_column][et_pb_column type=\u00bb2_5&#8243; _builder_version=\u00bb4.16&#8243; global_colors_info=\u00bb{}\u00bb][et_pb_text _builder_version=\u00bb4.22.1&#8243; link_font=\u00bbMarcellus||||||||\u00bb link_text_color=\u00bb#3d4a41&#8243; link_font_size=\u00bb40px\u00bb link_line_height=\u00bb1.2em\u00bb header_2_font=\u00bbMarcellus|700|||||||\u00bb header_2_text_color=\u00bb#3D4A41&#8243; header_2_font_size=\u00bb15px\u00bb header_2_line_height=\u00bb1.2em\u00bb header_3_font=\u00bbMarcellus|||on|||||\u00bb header_3_font_size=\u00bb18px\u00bb header_3_letter_spacing=\u00bb4px\u00bb header_3_line_height=\u00bb1.4em\u00bb width=\u00bb100%\u00bb custom_margin=\u00bb||||false|false\u00bb custom_padding=\u00bb|||82px||\u00bb link_font_size_tablet=\u00bb30px\u00bb link_font_size_phone=\u00bb\u00bb link_font_size_last_edited=\u00bbon|desktop\u00bb header_3_font_size_tablet=\u00bb16px\u00bb header_3_font_size_phone=\u00bb16px\u00bb header_3_font_size_last_edited=\u00bbon|phone\u00bb locked=\u00bboff\u00bb inline_fonts=\u00bbAboreto,Akaya Telivigala\u00bb global_colors_info=\u00bb{}\u00bb]<\/p>\n<h2>Tel\u00e9fono<\/h2>\n<h4><span style=\"font-family: Aboreto; font-weight: normal;\">+34 957 17 00 00<\/span><span><\/span><span><\/span><\/h4>\n<p>[\/et_pb_text][et_pb_text _builder_version=\u00bb4.22.1&#8243; text_font=\u00bbMarcellus||||||||\u00bb text_text_color=\u00bb#3D4A41&#8243; text_font_size=\u00bb18px\u00bb text_line_height=\u00bb1.8em\u00bb header_3_font=\u00bbMarcellus|700|||||||\u00bb header_3_text_color=\u00bb#3D4A41&#8243; header_3_font_size=\u00bb15px\u00bb header_3_line_height=\u00bb1.2em\u00bb custom_margin=\u00bb|-101px||||\u00bb custom_padding=\u00bb|||85px||\u00bb locked=\u00bboff\u00bb inline_fonts=\u00bbAboreto\u00bb global_colors_info=\u00bb{}\u00bb]<\/p>\n<h3><span>Direcci\u00f3n<\/span><\/h3>\n<h4><span style=\"font-family: inherit; font-weight: normal;\">C. Jardines Jes\u00fas, 61, 14650 Bujalance, C\u00f3rdoba, Espa\u00f1a<\/span><\/h4>\n<p>[\/et_pb_text][et_pb_text _builder_version=\u00bb4.22.1&#8243; text_font=\u00bbMarcellus||||||||\u00bb text_text_color=\u00bb#3D4A41&#8243; text_font_size=\u00bb18px\u00bb text_line_height=\u00bb1.8em\u00bb header_3_font=\u00bbMarcellus|700|||||||\u00bb header_3_text_color=\u00bb#3D4A41&#8243; header_3_font_size=\u00bb15px\u00bb header_3_line_height=\u00bb1.2em\u00bb custom_margin=\u00bb||0px||false|false\u00bb custom_padding=\u00bb|||86px||\u00bb locked=\u00bboff\u00bb global_colors_info=\u00bb{}\u00bb]<\/p>\n<h3><strong>S\u00edguenos<\/strong><\/h3>\n<p>[\/et_pb_text][et_pb_social_media_follow icon_color=\u00bb#9c8a67&#8243; use_icon_font_size=\u00bbon\u00bb icon_font_size=\u00bb20px\u00bb _builder_version=\u00bb4.22.1&#8243; custom_margin=\u00bb|||-10px|false|false\u00bb custom_padding=\u00bb|||95px||\u00bb hover_enabled=\u00bb0&#8243; locked=\u00bboff\u00bb global_colors_info=\u00bb{}\u00bb sticky_enabled=\u00bb0&#8243;][et_pb_social_media_follow_network social_network=\u00bbfacebook\u00bb url=\u00bbhttps:\/\/www.facebook.com\/people\/Aceites-de-Oliva-Virgen-Extra-Coca\/100040041254195\/?paipv=0&#038;eav=AfbQwN_sdo6T9n9uB3sStgvOezZ7-VA2NW1dfFHD2xZZxizZZVpJ8moO8xOiEuDs458&#038;_rdr\u00bb _builder_version=\u00bb4.22.1&#8243; background_enable_color=\u00bboff\u00bb global_colors_info=\u00bb{}\u00bb follow_button=\u00bboff\u00bb url_new_window=\u00bbon\u00bb]facebook[\/et_pb_social_media_follow_network][et_pb_social_media_follow_network social_network=\u00bbinstagram\u00bb url=\u00bbhttps:\/\/www.instagram.com\/aove.coca\/\u00bb _builder_version=\u00bb4.22.1&#8243; background_color=\u00bb#ea2c59&#8243; background_enable_color=\u00bboff\u00bb hover_enabled=\u00bb0&#8243; global_colors_info=\u00bb{}\u00bb follow_button=\u00bboff\u00bb url_new_window=\u00bbon\u00bb sticky_enabled=\u00bb0&#8243;]instagram[\/et_pb_social_media_follow_network][\/et_pb_social_media_follow][\/et_pb_column][\/et_pb_row][\/et_pb_section]<\/p>\n","protected":false},"excerpt":{"rendered":"<p>ContactoTel\u00e9fono +34 957 17 00 00Direcci\u00f3n C. Jardines Jes\u00fas, 61, 14650 Bujalance, C\u00f3rdoba, Espa\u00f1aS\u00edguenos<\/p>","protected":false},"author":1,"featured_media":0,"parent":0,"menu_order":0,"comment_status":"closed","ping_status":"closed","template":"","meta":{"_et_pb_use_builder":"on","_et_pb_old_content":"","_et_gb_content_width":"","footnotes":""},"class_list":["post-40","page","type-page","status-publish","hentry"],"yoast_head":"<!-- This site is optimized with the Yoast SEO plugin v27.0 - https:\/\/yoast.com\/product\/yoast-seo-wordpress\/ -->\n<title>Contacto - Aceite de Oliva en C\u00f3rdoba<\/title>\n<meta name=\"description\" content=\"Informaci\u00f3n m\u00e1s detallada de nuestra empresa o de nuestros productos, cont\u00e1ctenos por email, tel\u00e9fono o a trav\u00e9s del siguiente formulario.\" \/>\n<meta name=\"robots\" content=\"index, follow, max-snippet:-1, max-image-preview:large, max-video-preview:-1\" \/>\n<link rel=\"canonical\" href=\"https:\/\/aceitescoca.com\/en\/contacto\/\" \/>\n<meta property=\"og:locale\" content=\"en_GB\" \/>\n<meta property=\"og:type\" content=\"article\" \/>\n<meta property=\"og:title\" content=\"Contacto - Aceite de Oliva en C\u00f3rdoba\" \/>\n<meta property=\"og:description\" content=\"Informaci\u00f3n m\u00e1s detallada de nuestra empresa o de nuestros productos, cont\u00e1ctenos por email, tel\u00e9fono o a trav\u00e9s del siguiente formulario.\" \/>\n<meta property=\"og:url\" content=\"https:\/\/aceitescoca.com\/en\/contacto\/\" \/>\n<meta property=\"og:site_name\" content=\"Aceite de Oliva en C\u00f3rdoba\" \/>\n<meta property=\"article:modified_time\" content=\"2023-10-22T16:39:45+00:00\" \/>\n<meta name=\"twitter:card\" content=\"summary_large_image\" \/>\n<meta name=\"twitter:label1\" content=\"Estimated reading time\" \/>\n\t<meta name=\"twitter:data1\" content=\"2 minutes\" \/>\n<script type=\"application\/ld+json\" class=\"yoast-schema-graph\">{\"@context\":\"https:\/\/schema.org\",\"@graph\":[{\"@type\":\"WebPage\",\"@id\":\"https:\/\/aceitescoca.com\/contacto\/\",\"url\":\"https:\/\/aceitescoca.com\/contacto\/\",\"name\":\"Contacto - Aceite de Oliva en C\u00f3rdoba\",\"isPartOf\":{\"@id\":\"https:\/\/aceitescoca.com\/#website\"},\"datePublished\":\"2021-01-08T07:57:39+00:00\",\"dateModified\":\"2023-10-22T16:39:45+00:00\",\"description\":\"Informaci\u00f3n m\u00e1s detallada de nuestra empresa o de nuestros productos, cont\u00e1ctenos por email, tel\u00e9fono o a trav\u00e9s del siguiente formulario.\",\"breadcrumb\":{\"@id\":\"https:\/\/aceitescoca.com\/contacto\/#breadcrumb\"},\"inLanguage\":\"en-GB\",\"potentialAction\":[{\"@type\":\"ReadAction\",\"target\":[\"https:\/\/aceitescoca.com\/contacto\/\"]}]},{\"@type\":\"BreadcrumbList\",\"@id\":\"https:\/\/aceitescoca.com\/contacto\/#breadcrumb\",\"itemListElement\":[{\"@type\":\"ListItem\",\"position\":1,\"name\":\"Portada\",\"item\":\"https:\/\/aceitescoca.com\/\"},{\"@type\":\"ListItem\",\"position\":2,\"name\":\"Contacto\"}]},{\"@type\":\"WebSite\",\"@id\":\"https:\/\/aceitescoca.com\/#website\",\"url\":\"https:\/\/aceitescoca.com\/\",\"name\":\"Aceite de Oliva en C\u00f3rdoba\",\"description\":\"Aceite Virgen Extra en C\u00f3rdoba\",\"potentialAction\":[{\"@type\":\"SearchAction\",\"target\":{\"@type\":\"EntryPoint\",\"urlTemplate\":\"https:\/\/aceitescoca.com\/?s={search_term_string}\"},\"query-input\":{\"@type\":\"PropertyValueSpecification\",\"valueRequired\":true,\"valueName\":\"search_term_string\"}}],\"inLanguage\":\"en-GB\"}]}<\/script>\n<!-- \/ Yoast SEO plugin. -->","yoast_head_json":{"title":"Contacto - Aceite de Oliva en C\u00f3rdoba","description":"Informaci\u00f3n m\u00e1s detallada de nuestra empresa o de nuestros productos, cont\u00e1ctenos por email, tel\u00e9fono o a trav\u00e9s del siguiente formulario.","robots":{"index":"index","follow":"follow","max-snippet":"max-snippet:-1","max-image-preview":"max-image-preview:large","max-video-preview":"max-video-preview:-1"},"canonical":"https:\/\/aceitescoca.com\/en\/contacto\/","og_locale":"en_GB","og_type":"article","og_title":"Contacto - Aceite de Oliva en C\u00f3rdoba","og_description":"Informaci\u00f3n m\u00e1s detallada de nuestra empresa o de nuestros productos, cont\u00e1ctenos por email, tel\u00e9fono o a trav\u00e9s del siguiente formulario.","og_url":"https:\/\/aceitescoca.com\/en\/contacto\/","og_site_name":"Aceite de Oliva en C\u00f3rdoba","article_modified_time":"2023-10-22T16:39:45+00:00","twitter_card":"summary_large_image","twitter_misc":{"Estimated reading time":"2 minutes"},"schema":{"@context":"https:\/\/schema.org","@graph":[{"@type":"WebPage","@id":"https:\/\/aceitescoca.com\/contacto\/","url":"https:\/\/aceitescoca.com\/contacto\/","name":"Contacto - Aceite de Oliva en C\u00f3rdoba","isPartOf":{"@id":"https:\/\/aceitescoca.com\/#website"},"datePublished":"2021-01-08T07:57:39+00:00","dateModified":"2023-10-22T16:39:45+00:00","description":"Informaci\u00f3n m\u00e1s detallada de nuestra empresa o de nuestros productos, cont\u00e1ctenos por email, tel\u00e9fono o a trav\u00e9s del siguiente formulario.","breadcrumb":{"@id":"https:\/\/aceitescoca.com\/contacto\/#breadcrumb"},"inLanguage":"en-GB","potentialAction":[{"@type":"ReadAction","target":["https:\/\/aceitescoca.com\/contacto\/"]}]},{"@type":"BreadcrumbList","@id":"https:\/\/aceitescoca.com\/contacto\/#breadcrumb","itemListElement":[{"@type":"ListItem","position":1,"name":"Portada","item":"https:\/\/aceitescoca.com\/"},{"@type":"ListItem","position":2,"name":"Contacto"}]},{"@type":"WebSite","@id":"https:\/\/aceitescoca.com\/#website","url":"https:\/\/aceitescoca.com\/","name":"Aceite de Oliva en C\u00f3rdoba","description":"Aceite Virgen Extra en C\u00f3rdoba","potentialAction":[{"@type":"SearchAction","target":{"@type":"EntryPoint","urlTemplate":"https:\/\/aceitescoca.com\/?s={search_term_string}"},"query-input":{"@type":"PropertyValueSpecification","valueRequired":true,"valueName":"search_term_string"}}],"inLanguage":"en-GB"}]}},"_links":{"self":[{"href":"https:\/\/aceitescoca.com\/en\/wp-json\/wp\/v2\/pages\/40","targetHints":{"allow":["GET"]}}],"collection":[{"href":"https:\/\/aceitescoca.com\/en\/wp-json\/wp\/v2\/pages"}],"about":[{"href":"https:\/\/aceitescoca.com\/en\/wp-json\/wp\/v2\/types\/page"}],"author":[{"embeddable":true,"href":"https:\/\/aceitescoca.com\/en\/wp-json\/wp\/v2\/users\/1"}],"replies":[{"embeddable":true,"href":"https:\/\/aceitescoca.com\/en\/wp-json\/wp\/v2\/comments?post=40"}],"version-history":[{"count":25,"href":"https:\/\/aceitescoca.com\/en\/wp-json\/wp\/v2\/pages\/40\/revisions"}],"predecessor-version":[{"id":2227,"href":"https:\/\/aceitescoca.com\/en\/wp-json\/wp\/v2\/pages\/40\/revisions\/2227"}],"wp:attachment":[{"href":"https:\/\/aceitescoca.com\/en\/wp-json\/wp\/v2\/media?parent=40"}],"curies":[{"name":"wp","href":"https:\/\/api.w.org\/{rel}","templated":true}]}}