{"id":168,"date":"2021-01-08T12:09:17","date_gmt":"2021-01-08T12:09:17","guid":{"rendered":"https:\/\/aceitescoca.creatiapublicidad.es\/?page_id=168"},"modified":"2025-09-29T06:46:55","modified_gmt":"2025-09-29T06:46:55","slug":"origen-aceite-virgen-extra-en-cordoba","status":"publish","type":"page","link":"https:\/\/aceitescoca.com\/en\/origen-aceite-virgen-extra-en-cordoba\/","title":{"rendered":"Our Fields"},"content":{"rendered":"<p>[et_pb_section fb_built=\u00bb1&#8243; fullwidth=\u00bbon\u00bb _builder_version=\u00bb4.16&#8243; _module_preset=\u00bbdefault\u00bb global_colors_info=\u00bb{}\u00bb][et_pb_fullwidth_slider _builder_version=\u00bb4.22.1&#8243; _module_preset=\u00bbdefault\u00bb custom_padding_tablet=\u00bb\u00bb custom_padding_phone=\u00bb100px||100px||false|false\u00bb custom_padding_last_edited=\u00bbon|phone\u00bb global_colors_info=\u00bb{}\u00bb][et_pb_slide _builder_version=\u00bb4.22.1&#8243; _module_preset=\u00bbdefault\u00bb background_video_mp4=\u00bbhttps:\/\/aceitescoca.com\/wp-content\/uploads\/2023\/10\/Anadir-un-subtitulo.mp4&#8243; background_enable_video_mp4=\u00bbon\u00bb global_colors_info=\u00bb{}\u00bb sticky_transition=\u00bbon\u00bb][\/et_pb_slide][\/et_pb_fullwidth_slider][\/et_pb_section][et_pb_section fb_built=\u00bb1&#8243; _builder_version=\u00bb4.22.1&#8243; _module_preset=\u00bbdefault\u00bb background_image=\u00bbhttps:\/\/aceitescoca.com\/wp-content\/uploads\/2023\/09\/Diseno-sin-titulo-1.png\u00bb parallax=\u00bbon\u00bb global_colors_info=\u00bb{}\u00bb][et_pb_row custom_padding_last_edited=\u00bbon|phone\u00bb _builder_version=\u00bb4.22.1&#8243; _module_preset=\u00bbdefault\u00bb custom_padding=\u00bb50px||50px||false|false\u00bb custom_padding_tablet=\u00bb\u00bb custom_padding_phone=\u00bb30px||30px||false|false\u00bb global_colors_info=\u00bb{}\u00bb][et_pb_column type=\u00bb4_4&#8243; _builder_version=\u00bb4.16&#8243; _module_preset=\u00bbdefault\u00bb global_colors_info=\u00bb{}\u00bb][et_pb_text _builder_version=\u00bb4.27.0&#8243; _module_preset=\u00bbdefault\u00bb header_text_align=\u00bbcenter\u00bb header_2_font=\u00bbAlata|700|||||||\u00bb header_2_text_align=\u00bbcenter\u00bb header_2_text_color=\u00bb#FFFFFF\u00bb header_2_font_size=\u00bb36px\u00bb inline_fonts=\u00bbAboreto\u00bb global_colors_info=\u00bb{}\u00bb]<\/p>\n<h1>Aove en C\u00f3rdoba<\/h1>\n<p>[\/et_pb_text][et_pb_text _builder_version=\u00bb4.27.0&#8243; _module_preset=\u00bbdefault\u00bb custom_padding=\u00bb50px||50px||true|false\u00bb global_colors_info=\u00bb{}\u00bb]<\/p>\n<p>En la provincia de C\u00f3rdoba, cuna del mejor aceite de oliva, Aceites Coca produce un AOVE (Aceite de Oliva Virgen Extra) que representa lo mejor de la tradici\u00f3n ole\u00edcola andaluza. Nuestro AOVE se elabora exclusivamente con aceitunas seleccionadas, recolectadas en el momento \u00f3ptimo de maduraci\u00f3n y prensadas en fr\u00edo para conservar intactas sus propiedades organol\u00e9pticas.<\/p>\n<p>El AOVE de Aceites Coca destaca por su equilibrio, frescura y sabor afrutado. Su perfil sensorial y su baja acidez lo convierten en un aceite virgen extra de alta gama, ideal tanto para la cocina gourmet como para el consumo diario de quienes valoran la salud y el sabor natural.<\/p>\n<p>En Aceites Coca cuidamos cada detalle: desde el olivo hasta el envasado final. Apostamos por una producci\u00f3n sostenible, con m\u00e9todos tradicionales y tecnolog\u00eda de vanguardia que garantizan un producto puro, sin mezclas ni aditivos.<\/p>\n<p>[\/et_pb_text][\/et_pb_column][\/et_pb_row][\/et_pb_section][et_pb_section fb_built=\u00bb1&#8243; _builder_version=\u00bb4.16&#8243; _module_preset=\u00bbdefault\u00bb global_colors_info=\u00bb{}\u00bb][et_pb_row column_structure=\u00bb1_2,1_2&#8243; use_custom_gutter=\u00bbon\u00bb gutter_width=\u00bb3&#8243; _builder_version=\u00bb4.27.0&#8243; _module_preset=\u00bbdefault\u00bb width=\u00bb100%\u00bb width_tablet=\u00bb\u00bb width_phone=\u00bb95%\u00bb width_last_edited=\u00bbon|phone\u00bb custom_margin=\u00bb150px||||false|false\u00bb global_colors_info=\u00bb{}\u00bb][et_pb_column type=\u00bb1_2&#8243; _builder_version=\u00bb4.22.1&#8243; _module_preset=\u00bbdefault\u00bb background_enable_image=\u00bboff\u00bb global_colors_info=\u00bb{}\u00bb][et_pb_image src=\u00bbhttps:\/\/aceitescoca.com\/wp-content\/uploads\/2021\/02\/mapa.png\u00bb title_text=\u00bbmapa\u00bb disabled_on=\u00bbon|on|off\u00bb _builder_version=\u00bb4.22.1&#8243; _module_preset=\u00bbdefault\u00bb vertical_offset=\u00bb-360px\u00bb horizontal_offset=\u00bb-44px\u00bb global_colors_info=\u00bb{}\u00bb][\/et_pb_image][\/et_pb_column][et_pb_column type=\u00bb1_2&#8243; _builder_version=\u00bb4.16&#8243; _module_preset=\u00bbdefault\u00bb global_colors_info=\u00bb{}\u00bb][et_pb_text _builder_version=\u00bb4.16&#8243; _module_preset=\u00bbdefault\u00bb header_2_font=\u00bbAlata|700|||||||\u00bb header_2_text_align=\u00bbcenter\u00bb header_2_text_color=\u00bb#000000&#8243; header_2_font_size=\u00bb36px\u00bb custom_margin=\u00bb35px|||87px|false|false\u00bb custom_padding=\u00bb|126px||21px||\u00bb inline_fonts=\u00bbAboreto\u00bb global_colors_info=\u00bb{}\u00bb]<\/p>\n<h3><span style=\"color: #000000; font-family: Aboreto; font-weight: normal;\">Naturaleza en Estado Puro<\/span><\/h3>\n<p>[\/et_pb_text][et_pb_text _builder_version=\u00bb4.19.4&#8243; _module_preset=\u00bbdefault\u00bb width=\u00bb75.3%\u00bb custom_margin=\u00bb35px|90px||60px|false|false\u00bb custom_margin_tablet=\u00bb\u00bb custom_margin_phone=\u00bb17px|35px||0px|false|false\u00bb custom_margin_last_edited=\u00bbon|phone\u00bb custom_padding=\u00bb|||66px||\u00bb global_colors_info=\u00bb{}\u00bb]<\/p>\n<p style=\"text-align: justify;\"><span style=\"font-weight: 400;\">Nuestras fincas est\u00e1n situadas en un entorno \u00fanico junto al r\u00edo Guadalquivir en las provincias de C\u00f3rdoba y Ja\u00e9n, tierras destinadas al cultivo del olivo desde hace siglos. Obtenemos este delicioso oro l\u00edquido de nuestros olivos centenarios y cuidados desde hace siglos generaci\u00f3n tras generaci\u00f3n de forma tradicional.<\/span><\/p>\n<p style=\"text-align: justify;\"><span style=\"font-weight: 400;\">El aceite que producimos se hace con la selecci\u00f3n <\/span><span style=\"font-weight: 400;\">cuidadosamente<\/span><span style=\"font-weight: 400;\"> del mejor fruto para obtener as\u00ed un Aove de<\/span><span style=\"font-weight: 400;\"> la <\/span><span style=\"font-weight: 400;\">m\u00e1xima calidad, de sabor y olor \u00fanicos, perfectos para el uso culinario d\u00e1ndole as\u00ed un toque diferente y de calidad a nuestros platos.<\/span><\/p>\n<p>[\/et_pb_text][\/et_pb_column][\/et_pb_row][\/et_pb_section][et_pb_section fb_built=\u00bb1&#8243; fullwidth=\u00bbon\u00bb _builder_version=\u00bb4.16&#8243; _module_preset=\u00bbdefault\u00bb global_colors_info=\u00bb{}\u00bb][et_pb_fullwidth_slider _builder_version=\u00bb4.22.1&#8243; _module_preset=\u00bbdefault\u00bb min_height=\u00bb168px\u00bb custom_margin=\u00bb50px|||||\u00bb custom_padding=\u00bb100px||0px||false|false\u00bb global_colors_info=\u00bb{}\u00bb][et_pb_slide _builder_version=\u00bb4.22.1&#8243; _module_preset=\u00bbdefault\u00bb background_image=\u00bbhttps:\/\/aceitescoca.com\/wp-content\/uploads\/2023\/09\/Diseno-sin-titulo-6.png\u00bb background_enable_image=\u00bbon\u00bb parallax=\u00bbon\u00bb global_colors_info=\u00bb{}\u00bb sticky_transition=\u00bbon\u00bb][\/et_pb_slide][\/et_pb_fullwidth_slider][\/et_pb_section]<\/p>\n","protected":false},"excerpt":{"rendered":"<p>Aove en C\u00f3rdobaEn la provincia de C\u00f3rdoba, cuna del mejor aceite de oliva, Aceites Coca produce un AOVE (Aceite de Oliva Virgen Extra) que representa lo mejor de la tradici\u00f3n ole\u00edcola andaluza. Nuestro AOVE se elabora exclusivamente con aceitunas seleccionadas, recolectadas en el momento \u00f3ptimo de maduraci\u00f3n y prensadas en fr\u00edo para conservar intactas sus [&hellip;]<\/p>\n","protected":false},"author":1,"featured_media":0,"parent":0,"menu_order":0,"comment_status":"closed","ping_status":"closed","template":"","meta":{"_et_pb_use_builder":"on","_et_pb_old_content":"","_et_gb_content_width":"","footnotes":""},"class_list":["post-168","page","type-page","status-publish","hentry"],"yoast_head":"<!-- This site is optimized with the Yoast SEO plugin v27.0 - https:\/\/yoast.com\/product\/yoast-seo-wordpress\/ -->\n<title>aceite virgen extra en c\u00f3rdoba<\/title>\n<meta name=\"description\" content=\"Nuestras fincas se sit\u00faan en un entorno \u00fanico junto al r\u00edo Guadalquivir en las provincias de C\u00f3rdoba y Ja\u00e9n.\" \/>\n<meta name=\"robots\" content=\"index, follow, max-snippet:-1, max-image-preview:large, max-video-preview:-1\" \/>\n<link rel=\"canonical\" href=\"https:\/\/aceitescoca.com\/en\/origen-aceite-virgen-extra-en-cordoba\/\" \/>\n<meta property=\"og:locale\" content=\"en_GB\" \/>\n<meta property=\"og:type\" content=\"article\" \/>\n<meta property=\"og:title\" content=\"aceite virgen extra en c\u00f3rdoba\" \/>\n<meta property=\"og:description\" content=\"Nuestras fincas se sit\u00faan en un entorno \u00fanico junto al r\u00edo Guadalquivir en las provincias de C\u00f3rdoba y Ja\u00e9n.\" \/>\n<meta property=\"og:url\" content=\"https:\/\/aceitescoca.com\/en\/origen-aceite-virgen-extra-en-cordoba\/\" \/>\n<meta property=\"og:site_name\" content=\"Aceite de Oliva en C\u00f3rdoba\" \/>\n<meta property=\"article:modified_time\" content=\"2025-09-29T06:46:55+00:00\" \/>\n<meta name=\"twitter:card\" content=\"summary_large_image\" \/>\n<meta name=\"twitter:label1\" content=\"Estimated reading time\" \/>\n\t<meta name=\"twitter:data1\" content=\"2 minutes\" \/>\n<script type=\"application\/ld+json\" class=\"yoast-schema-graph\">{\"@context\":\"https:\/\/schema.org\",\"@graph\":[{\"@type\":\"WebPage\",\"@id\":\"https:\/\/aceitescoca.com\/origen-aceite-virgen-extra-en-cordoba\/\",\"url\":\"https:\/\/aceitescoca.com\/origen-aceite-virgen-extra-en-cordoba\/\",\"name\":\"aceite virgen extra en c\u00f3rdoba\",\"isPartOf\":{\"@id\":\"https:\/\/aceitescoca.com\/#website\"},\"datePublished\":\"2021-01-08T12:09:17+00:00\",\"dateModified\":\"2025-09-29T06:46:55+00:00\",\"description\":\"Nuestras fincas se sit\u00faan en un entorno \u00fanico junto al r\u00edo Guadalquivir en las provincias de C\u00f3rdoba y Ja\u00e9n.\",\"breadcrumb\":{\"@id\":\"https:\/\/aceitescoca.com\/origen-aceite-virgen-extra-en-cordoba\/#breadcrumb\"},\"inLanguage\":\"en-GB\",\"potentialAction\":[{\"@type\":\"ReadAction\",\"target\":[\"https:\/\/aceitescoca.com\/origen-aceite-virgen-extra-en-cordoba\/\"]}]},{\"@type\":\"BreadcrumbList\",\"@id\":\"https:\/\/aceitescoca.com\/origen-aceite-virgen-extra-en-cordoba\/#breadcrumb\",\"itemListElement\":[{\"@type\":\"ListItem\",\"position\":1,\"name\":\"Portada\",\"item\":\"https:\/\/aceitescoca.com\/\"},{\"@type\":\"ListItem\",\"position\":2,\"name\":\"Entorno\"}]},{\"@type\":\"WebSite\",\"@id\":\"https:\/\/aceitescoca.com\/#website\",\"url\":\"https:\/\/aceitescoca.com\/\",\"name\":\"Aceite de Oliva en C\u00f3rdoba\",\"description\":\"Aceite Virgen Extra en C\u00f3rdoba\",\"potentialAction\":[{\"@type\":\"SearchAction\",\"target\":{\"@type\":\"EntryPoint\",\"urlTemplate\":\"https:\/\/aceitescoca.com\/?s={search_term_string}\"},\"query-input\":{\"@type\":\"PropertyValueSpecification\",\"valueRequired\":true,\"valueName\":\"search_term_string\"}}],\"inLanguage\":\"en-GB\"}]}<\/script>\n<!-- \/ Yoast SEO plugin. -->","yoast_head_json":{"title":"aceite virgen extra en c\u00f3rdoba","description":"Nuestras fincas se sit\u00faan en un entorno \u00fanico junto al r\u00edo Guadalquivir en las provincias de C\u00f3rdoba y Ja\u00e9n.","robots":{"index":"index","follow":"follow","max-snippet":"max-snippet:-1","max-image-preview":"max-image-preview:large","max-video-preview":"max-video-preview:-1"},"canonical":"https:\/\/aceitescoca.com\/en\/origen-aceite-virgen-extra-en-cordoba\/","og_locale":"en_GB","og_type":"article","og_title":"aceite virgen extra en c\u00f3rdoba","og_description":"Nuestras fincas se sit\u00faan en un entorno \u00fanico junto al r\u00edo Guadalquivir en las provincias de C\u00f3rdoba y Ja\u00e9n.","og_url":"https:\/\/aceitescoca.com\/en\/origen-aceite-virgen-extra-en-cordoba\/","og_site_name":"Aceite de Oliva en C\u00f3rdoba","article_modified_time":"2025-09-29T06:46:55+00:00","twitter_card":"summary_large_image","twitter_misc":{"Estimated reading time":"2 minutes"},"schema":{"@context":"https:\/\/schema.org","@graph":[{"@type":"WebPage","@id":"https:\/\/aceitescoca.com\/origen-aceite-virgen-extra-en-cordoba\/","url":"https:\/\/aceitescoca.com\/origen-aceite-virgen-extra-en-cordoba\/","name":"aceite virgen extra en c\u00f3rdoba","isPartOf":{"@id":"https:\/\/aceitescoca.com\/#website"},"datePublished":"2021-01-08T12:09:17+00:00","dateModified":"2025-09-29T06:46:55+00:00","description":"Nuestras fincas se sit\u00faan en un entorno \u00fanico junto al r\u00edo Guadalquivir en las provincias de C\u00f3rdoba y Ja\u00e9n.","breadcrumb":{"@id":"https:\/\/aceitescoca.com\/origen-aceite-virgen-extra-en-cordoba\/#breadcrumb"},"inLanguage":"en-GB","potentialAction":[{"@type":"ReadAction","target":["https:\/\/aceitescoca.com\/origen-aceite-virgen-extra-en-cordoba\/"]}]},{"@type":"BreadcrumbList","@id":"https:\/\/aceitescoca.com\/origen-aceite-virgen-extra-en-cordoba\/#breadcrumb","itemListElement":[{"@type":"ListItem","position":1,"name":"Portada","item":"https:\/\/aceitescoca.com\/"},{"@type":"ListItem","position":2,"name":"Entorno"}]},{"@type":"WebSite","@id":"https:\/\/aceitescoca.com\/#website","url":"https:\/\/aceitescoca.com\/","name":"Aceite de Oliva en C\u00f3rdoba","description":"Aceite Virgen Extra en C\u00f3rdoba","potentialAction":[{"@type":"SearchAction","target":{"@type":"EntryPoint","urlTemplate":"https:\/\/aceitescoca.com\/?s={search_term_string}"},"query-input":{"@type":"PropertyValueSpecification","valueRequired":true,"valueName":"search_term_string"}}],"inLanguage":"en-GB"}]}},"_links":{"self":[{"href":"https:\/\/aceitescoca.com\/en\/wp-json\/wp\/v2\/pages\/168","targetHints":{"allow":["GET"]}}],"collection":[{"href":"https:\/\/aceitescoca.com\/en\/wp-json\/wp\/v2\/pages"}],"about":[{"href":"https:\/\/aceitescoca.com\/en\/wp-json\/wp\/v2\/types\/page"}],"author":[{"embeddable":true,"href":"https:\/\/aceitescoca.com\/en\/wp-json\/wp\/v2\/users\/1"}],"replies":[{"embeddable":true,"href":"https:\/\/aceitescoca.com\/en\/wp-json\/wp\/v2\/comments?post=168"}],"version-history":[{"count":62,"href":"https:\/\/aceitescoca.com\/en\/wp-json\/wp\/v2\/pages\/168\/revisions"}],"predecessor-version":[{"id":2727,"href":"https:\/\/aceitescoca.com\/en\/wp-json\/wp\/v2\/pages\/168\/revisions\/2727"}],"wp:attachment":[{"href":"https:\/\/aceitescoca.com\/en\/wp-json\/wp\/v2\/media?parent=168"}],"curies":[{"name":"wp","href":"https:\/\/api.w.org\/{rel}","templated":true}]}}